{"id":52247,"date":"2024-03-20T11:20:12","date_gmt":"2024-03-20T14:20:12","guid":{"rendered":"https:\/\/lnbio.cnpem.br\/instalacoes-abertas\/biological-imaging-laboratory\/"},"modified":"2026-01-29T09:12:39","modified_gmt":"2026-01-29T12:12:39","slug":"laboratorio-imagens-biologicas","status":"publish","type":"page","link":"https:\/\/lnbio.cnpem.br\/en\/instalacoes-abertas\/laboratorio-imagens-biologicas\/","title":{"rendered":"Biological Imaging Laboratory"},"content":{"rendered":"<div class=\"wpb-content-wrapper\"><p>[vc_row full_width=&#8221;stretch_row&#8221; full_height=&#8221;yes&#8221; content_placement=&#8221;middle&#8221; parallax=&#8221;content-moving&#8221; parallax_image=&#8221;57741&#8243; el_class=&#8221;fundo-escuro&#8221;][vc_column width=&#8221;5\/6&#8243;][vc_column_text css=&#8221;&#8221;]<\/p>\n<h1 class=\"interna\"><span style=\"color: #ffffff;\">Biological Imaging Laboratory<\/span><\/h1>\n<p>[\/vc_column_text][vc_column_text css=&#8221;.vc_custom_1696512384777{margin-left: -15px !important;border-left-width: -15px !important;padding-left: -15px !important;}&#8221;]\t\t\t<!-- Flexy Breadcrumb -->\r\n\t\t\t<div class=\"fbc fbc-page\">\r\n\r\n\t\t\t\t<!-- Breadcrumb wrapper -->\r\n\t\t\t\t<div class=\"fbc-wrap\">\r\n\r\n\t\t\t\t\t<!-- Ordered list-->\r\n\t\t\t\t\t<ol class=\"fbc-items\" itemscope itemtype=\"https:\/\/schema.org\/BreadcrumbList\">\r\n\t\t\t\t\t\t            <li itemprop=\"itemListElement\" itemscope itemtype=\"https:\/\/schema.org\/ListItem\">\r\n                <span itemprop=\"name\">\r\n                    <!-- Home Link -->\r\n                    <a itemprop=\"item\" href=\"https:\/\/lnbio.cnpem.br\">\r\n                    \r\n                        Home                    <\/a>\r\n                <\/span>\r\n                <meta itemprop=\"position\" content=\"1\" \/><!-- Meta Position-->\r\n             <\/li><li><span class=\"fbc-separator\">\/<\/span><\/li><li class=\"active\" itemprop=\"itemListElement\" itemscope itemtype=\"https:\/\/schema.org\/ListItem\"><span itemprop=\"name\" title=\"Biological Imaging Laboratory\">Biological Imaging Laboratory<\/span><meta itemprop=\"position\" content=\"2\" \/><\/li>\t\t\t\t\t<\/ol>\r\n\t\t\t\t\t<div class=\"clearfix\"><\/div>\r\n\t\t\t\t<\/div>\r\n\t\t\t<\/div>\r\n\t\t\t[\/vc_column_text][\/vc_column][vc_column width=&#8221;1\/6&#8243;][\/vc_column][\/vc_row][vc_row full_width=&#8221;stretch_row&#8221; gap=&#8221;5&#8243; css=&#8221;.vc_custom_1710876484752{padding-top: 4rem !important;padding-bottom: 4rem !important;background-image: url(https:\/\/lnbio.cnpem.br\/wp-content\/uploads\/2024\/03\/grafismo-organico-lnbio-cinza.png?id=35463) !important;background-position: center !important;background-repeat: no-repeat !important;background-size: cover !important;}&#8221;][vc_column][vc_column_text css=&#8221;&#8221;]<\/p>\n<h3 style=\"text-align: left;\">About the facility<\/h3>\n<p>[\/vc_column_text][vc_column_text css=&#8221;&#8221;]<\/p>\n<p style=\"text-align: justify;\">With a strategic role supporting research in life sciences, the Biological Imaging Laboratory (LIB) offers advanced solutions in cellular and subcellular imaging, with a focus on fluorescence microscopy and super-resolution techniques. The facility combines state-of-the-art infrastructure with qualified technical expertise, contributing to the generation of quantitative and visually resolutive data in various biological models.<\/p>\n<p style=\"text-align: justify;\">The facility is equipped with confocal microscopes and super-resolution microscopes based on stimulated emission depletion (STED). The team is directly involved in training and supporting users, promoting the dissemination of good practices in microscopy and contributing to the methodological development of complex projects.<\/p>\n<p style=\"text-align: justify;\">LIB also actively participates in national and international initiatives aimed at training and integrating imaging platforms, positioning itself as a reference center in Brazil for application and expansion of the use of advanced optical techniques in cell, molecular and structural biology.<\/p>\n<p>[\/vc_column_text][vc_column_text css=&#8221;&#8221;]<\/p>\n<h3>How to submit research proposals<\/h3>\n<p>[\/vc_column_text][vc_column_text css=&#8221;&#8221;]<\/p>\n<p style=\"text-align: justify;\">Academic researchers interested in conducting experiments using STED and confocal microscopy can submit their proposals through the SAU. Proposals for experiments are valid for one year and can be submitted at any time during the year. LIB offers complete scientific support ranging from experimental planning and the choice of analysis method to conducting assays, user training and preliminary data analysis.<\/p>\n<p style=\"text-align: justify;\">To use LIB, you must submit a proposal via <a href=\"https:\/\/sauonline.cnpem.br\/duo\/\">SAU Online<\/a>. If you have any questions, please contact CNPEM\u2019s User Office at <a href=\"mailto:edu@cnpem.br\">edu@cnpem.br<\/a> or the team responsible for the facility at <a href=\"mailto:coordenadoreslib@lnbio.cnpem.br\">coordenadoreslib@lnbio.cnpem.br<\/a>.<\/p>\n<p>[\/vc_column_text][vc_empty_space][vc_row_inner][vc_column_inner width=&#8221;1\/3&#8243;][vc_column_text css=&#8221;&#8221;]<\/p>\n<h3 style=\"text-align: center;\"><div id=\"calendario_modal_69e82ad7b2f56_wrap\" class=\"calendario-modal-wrapper\"><a href=\"\" class=\"botao-base retangular\" target=\"_blank\" >FACILITIES CALENDAR<\/a><\/div><div id=\"calendario_modal_69e82ad7b2f56\" class=\"calendario-modal\" role=\"dialog\" aria-hidden=\"true\">  <div class=\"calendario-modal-content\">    <button class=\"calendario-fechar\" aria-label=\"Close\">&times;<\/button>    <div class=\"calendario-modal-body\">    <div style=\"overflow-x: auto;\">\n        <table style=\"border-collapse: collapse; width: 100%;\">\n            <tbody>\n                <tr>\n                    <td style=\"width: 33.3333%; text-align: center;\"><strong>OPEN FACILITY<\/strong><\/td>\n                    <td style=\"width: 33.3333%; text-align: center;\"><strong>SUBMISSION PERIOD<\/strong><\/td>\n                    <td style=\"width: 33.3333%; text-align: center;\"><strong>EXECUTION PERIOD<\/strong><\/td>\n                <\/tr>\n\n                <tr>\n                    <td>Mass Spectrometry Laboratory (MAS)<\/td>\n                    <td style=\"text-align: center;\">01\/08\/2025 a 31\/08\/2025<\/td>\n                    <td style=\"text-align: center;\">January to December 2026<\/td>\n                <\/tr>\n\n                <tr>\n                    <td>Nuclear Magnetic Resonance Laboratory (RMN)<\/td>\n                    <td style=\"text-align: center;\">05\/01\/2026 a 30\/11\/2026<\/td>\n                    <td style=\"text-align: center;\">19\/01\/2026 a 15\/12\/2026<\/td>\n                <\/tr>\n\n                <tr>\n                    <td>Automatic Protein Crystallization Laboratory (ROBOLAB)<\/td>\n                    <td style=\"text-align: center;\">05\/01\/2026 a 04\/12\/2026<\/td>\n                    <td style=\"text-align: center;\">05\/01\/2026 a 11\/12\/2026<\/td>\n                <\/tr>\n\n                <tr>\n                    <td>Spectroscopy and Calorimetry Laboratory (LEC)<\/td>\n                    <td style=\"text-align: center;\">05\/01\/2026 a 04\/12\/2026<\/td>\n                    <td style=\"text-align: center;\">06\/01\/2026 a 11\/12\/2026<\/td>\n                <\/tr>\n\n                <tr>\n                    <td>Biomolecule Synthesis Laboratory (LSB)<\/td>\n                    <td style=\"text-align: center;\">05\/01\/2026 a 04\/12\/2026<\/td>\n                    <td style=\"text-align: center;\">05\/01\/2026 a 11\/12\/2026<\/td>\n                <\/tr>\n\n                <tr>\n                    <td>Biological Imaging Laboratory (LIB)<\/td>\n                    <td style=\"text-align: center;\">05\/01\/2026 a 07\/12\/2026<\/td>\n                    <td style=\"text-align: center;\">12\/01\/2026 a 15\/12\/2026<\/td>\n                <\/tr>\n\n                <tr>\n                    <td>Protein Purification Laboratory (LPP)<\/td>\n                    <td style=\"text-align: center;\">05\/01\/2026 a 04\/12\/2026<\/td>\n                    <td style=\"text-align: center;\">05\/01\/2026 a 11\/12\/2026<\/td>\n                <\/tr>\n\n                <tr>\n                    <td>Bioassays Laboratory (LBE)<\/td>\n                    <td style=\"text-align: center;\">05\/01\/2026 a 07\/12\/2026<\/td>\n                    <td style=\"text-align: center;\">06\/01\/2026 a 17\/12\/2026<\/td>\n                <\/tr>\n\n                <tr>\n                    <td>Gene Editing Laboratory (LEG)<\/td>\n                    <td style=\"text-align: center;\">02\/02\/2026 a 27\/02\/2026<\/td>\n                    <td style=\"text-align: center;\">01\/04\/2026 a 30\/09\/2026<\/td>\n                <\/tr>\n\n                <tr>\n                    <td>Viral Vectors Laboratory (LVV)<\/td>\n                    <td style=\"text-align: center;\">03\/01\/2026 a 31\/05\/2026<\/td>\n                    <td style=\"text-align: center;\">01\/02\/2026 a 30\/06\/2026<\/td>\n                <\/tr>\n\n            <\/tbody>\n        <\/table>\n    <\/div>\n        <\/div>  <\/div><\/div><style>\n    .calendario-modal{display:none;position:fixed;z-index:99999;left:0;top:0;width:100%;height:100%;overflow:auto;background-color:rgba(0,0,0,0.6);padding:40px 10px;box-sizing:border-box}\n    .calendario-modal-content{background:#fff;margin:auto;border-radius:8px;padding:18px;max-width:980px;box-shadow:0 10px 30px rgba(0,0,0,.3);position:relative}\n    .calendario-fechar{position:absolute;right:18px;top:14px;border:none;background:transparent;font-size:28px;cursor:pointer}\n    .calendario-modal-body{margin-top:10px}\n    @media (max-width:600px){.calendario-modal{padding-top:20px}.calendario-modal-content{width:100%;padding:12px}}\n\n    \/* ===== TABELA ===== *\/\n    .calendario-modal-content table{width:100%;border-collapse:collapse;font-family:inherit;font-size:1rem;font-weight:normal}\n    .calendario-modal-content td,.calendario-modal-content th{border:1px solid #ddd;padding:8px;text-align:center;vertical-align:middle;font-weight:normal}\n    .calendario-modal-content tr:first-child td,.calendario-modal-content thead tr th{background:#f5f5f5;font-weight:bold}\n    <\/style><script>\n    (function(){\n        var uid = \"calendario_modal_69e82ad7b2f56\";\n        var wrap = document.getElementById(uid + \"_wrap\");\n        var modal = document.getElementById(uid);\n\n        function openModal(){\n            modal.style.display = \"block\";\n            modal.setAttribute(\"aria-hidden\",\"false\");\n            document.body.style.overflow = \"hidden\";\n        }\n        function closeModal(){\n            modal.style.display = \"none\";\n            modal.setAttribute(\"aria-hidden\",\"true\");\n            document.body.style.overflow = \"\";\n        }\n\n        if(wrap){\n            var trigger = wrap.querySelector(\"a, button, [role=button], input[type=button], .botao-retangular\");\n            if(trigger){\n                trigger.addEventListener(\"click\", function(e){\n                    e.preventDefault();\n                    e.stopPropagation();\n                    openModal();\n                });\n            }\n        }\n\n        document.addEventListener(\"click\", function(e){\n            if(e.target.closest(\"#\" + uid + \" .calendario-fechar\") || e.target.id === uid){\n                closeModal();\n            }\n        });\n\n        document.addEventListener(\"keydown\", function(e){\n            if((e.key === \"Escape\" || e.keyCode === 27) && modal.style.display === \"block\"){\n                closeModal();\n            }\n        });\n    })();\n    <\/script><\/h3>\n<p>[\/vc_column_text][\/vc_column_inner][vc_column_inner width=&#8221;1\/3&#8243;][vc_column_text css=&#8221;&#8221;]<\/p>\n<h3 style=\"text-align: center;\"><a href=\"https:\/\/sauonline.cnpem.br\/duo\/\" class=\"botao-base retangular\" target=\"_blank\" >PROPOSAL SUBMISSION<\/a><\/h3>\n<p>[\/vc_column_text][\/vc_column_inner][vc_column_inner width=&#8221;1\/3&#8243;][vc_column_text css=&#8221;&#8221;]<\/p>\n<h3 style=\"text-align: center;\"><a href=\"https:\/\/lnbio.cnpem.br\/wp-content\/uploads\/2025\/09\/Equipamento-Multiusuario-LIB.pdf\" class=\"botao-base retangular\" target=\"_blank\" >LIB MULTI-USER EQUIPMENT<\/a><\/h3>\n<p>[\/vc_column_text][\/vc_column_inner][\/vc_row_inner][\/vc_column][\/vc_row][vc_row][vc_column][vc_row_inner][vc_column_inner width=&#8221;1\/2&#8243;][vc_cta h2=&#8221;Equipment&#8221; h2_font_container=&#8221;tag:h3|text_align:left&#8221; h2_use_theme_fonts=&#8221;yes&#8221; shape=&#8221;square&#8221; add_icon=&#8221;left&#8221; i_icon_fontawesome=&#8221;fas fa-microscope&#8221; i_size=&#8221;sm&#8221; css=&#8221;&#8221; use_custom_fonts_h2=&#8221;true&#8221;]<\/p>\n<ul>\n<li>Leica TCS SP8 confocal microscope;<\/li>\n<li>STED TCS SP8 Leica super-resolution microscope;<\/li>\n<li>DM6 Leica vertical brightfield and fluorescence microscope.<\/li>\n<\/ul>\n<p>[\/vc_cta][\/vc_column_inner][vc_column_inner width=&#8221;1\/2&#8243;][vc_cta h2=&#8221;Main competencies and techniques&#8221; h2_font_container=&#8221;tag:h3|text_align:left&#8221; h2_use_theme_fonts=&#8221;yes&#8221; shape=&#8221;square&#8221; add_icon=&#8221;left&#8221; i_icon_fontawesome=&#8221;fas fa-network-wired&#8221; i_size=&#8221;sm&#8221; css=&#8221;&#8221; use_custom_fonts_h2=&#8221;true&#8221;]<\/p>\n<ul>\n<li>Acquisition of images by conventional, confocal and super-resolution fluorescence microscopy (STED) in the deep red range (590 nm\u2013650 nm);<\/li>\n<li>2D and 3D imaging of fixed samples;<\/li>\n<li>Processing and quantitative analysis of images with tools such as FIJI and Cell Profiler;<\/li>\n<li>Support for experimental design in bioimaging projects;<\/li>\n<li>User training and qualification in advanced microscopy.<\/li>\n<\/ul>\n<p>[\/vc_cta][\/vc_column_inner][\/vc_row_inner][\/vc_column][\/vc_row][vc_row][vc_column][vc_empty_space][\/vc_column][\/vc_row][vc_row full_width=&#8221;stretch_row&#8221; css=&#8221;.vc_custom_1710521711366{background-color: #eff2f5 !important;background-position: center !important;background-repeat: no-repeat !important;background-size: cover !important;}&#8221;][vc_column][vc_empty_space height=&#8221;16px&#8221;][vc_custom_heading text=&#8221;meet our team&#8221; font_container=&#8221;tag:h3|text_align:left&#8221; use_theme_fonts=&#8221;yes&#8221; css=&#8221;&#8221;][vc_row_inner][vc_column_inner width=&#8221;1\/4&#8243;]<div class=\"ult-team-member-wrap ult-style-1  \"><div class=\"ult-team-member-image\" style=\"\"> <img decoding=\"async\" class=\"ult-team-grayscale\" src=\"\" alt=\"\"  style=\"\"><span class=\"ult-team-member-image-overlay \"  ><\/span><\/div><div class=\"ult-team-member-bio-wrap style-1 ultimate-heading69e82ad7b321a\" style=\"text-align:center;; \"><div class=\"ult-team-member-name-wrap\"><h2 class=\"ult-team-member-name ult-responsive\"  data-ultimate-target='.ult-team-member-bio-wrap.ultimate-heading69e82ad7b321a .ult-team-member-name'  data-responsive-json-new='{\"font-size\":\"\",\"line-height\":\"\"}'  style=\"\">Juliana Ferreira Oliveira<\/h2><div class=\"ult-team-member-position ult-responsive\"  data-ultimate-target='.ult-team-member-bio-wrap.ultimate-heading69e82ad7b321a .ult-team-member-position'  data-responsive-json-new='{\"font-size\":\"\",\"line-height\":\"\"}'  style=\"\">Lead Researcher (Interim)<\/div><div class=\"ult-team-member-description ult-responsive\"  data-ultimate-target='.ult-team-member-bio-wrap.ultimate-heading69e82ad7b321a .ult-team-member-description'  data-responsive-json-new='{\"font-size\":\"\",\"line-height\":\"\"}'  style=\"\"><p><a href=\"mailto:coordenadoreslib@lnbio.cnpem.br\">coordenadoreslib@lnbio.cnpem.br<\/a><\/p><\/div><div style=\"margin-bottom:15px\"><\/div><\/div><\/div><\/div>[\/vc_column_inner][vc_column_inner width=&#8221;1\/4&#8243;]<div class=\"ult-team-member-wrap ult-style-1  \"><div class=\"ult-team-member-image\" style=\"\"> <img decoding=\"async\" class=\"ult-team-grayscale\" src=\"\" alt=\"\"  style=\"\"><span class=\"ult-team-member-image-overlay \"  ><\/span><\/div><div class=\"ult-team-member-bio-wrap style-1 ultimate-heading69e82ad7b32a1\" style=\"text-align:center;; \"><div class=\"ult-team-member-name-wrap\"><h2 class=\"ult-team-member-name ult-responsive\"  data-ultimate-target='.ult-team-member-bio-wrap.ultimate-heading69e82ad7b32a1 .ult-team-member-name'  data-responsive-json-new='{\"font-size\":\"\",\"line-height\":\"\"}'  style=\"\">Thayn\u00e1 Mendon\u00e7a Avelino<\/h2><div class=\"ult-team-member-position ult-responsive\"  data-ultimate-target='.ult-team-member-bio-wrap.ultimate-heading69e82ad7b32a1 .ult-team-member-position'  data-responsive-json-new='{\"font-size\":\"\",\"line-height\":\"\"}'  style=\"\">Researcher<\/div><div style=\"margin-bottom:15px\"><\/div><\/div><\/div><\/div>[\/vc_column_inner][vc_column_inner width=&#8221;1\/4&#8243;]<div class=\"ult-team-member-wrap ult-style-1  \"><div class=\"ult-team-member-image\" style=\"\"> <img decoding=\"async\" class=\"ult-team-grayscale\" src=\"\" alt=\"\"  style=\"\"><span class=\"ult-team-member-image-overlay \"  ><\/span><\/div><div class=\"ult-team-member-bio-wrap style-1 ultimate-heading69e82ad7b32e6\" style=\"text-align:center;; \"><div class=\"ult-team-member-name-wrap\"><h2 class=\"ult-team-member-name ult-responsive\"  data-ultimate-target='.ult-team-member-bio-wrap.ultimate-heading69e82ad7b32e6 .ult-team-member-name'  data-responsive-json-new='{\"font-size\":\"\",\"line-height\":\"\"}'  style=\"\">Stephanie Silva Santos<\/h2><div class=\"ult-team-member-position ult-responsive\"  data-ultimate-target='.ult-team-member-bio-wrap.ultimate-heading69e82ad7b32e6 .ult-team-member-position'  data-responsive-json-new='{\"font-size\":\"\",\"line-height\":\"\"}'  style=\"\">Specialist<\/div><div style=\"margin-bottom:15px\"><\/div><\/div><\/div><\/div>[\/vc_column_inner][vc_column_inner width=&#8221;1\/4&#8243;]<div class=\"ult-team-member-wrap ult-style-1  \"><div class=\"ult-team-member-image\" style=\"\"> <img decoding=\"async\" class=\"ult-team-grayscale\" src=\"\" alt=\"\"  style=\"\"><span class=\"ult-team-member-image-overlay \"  ><\/span><\/div><div class=\"ult-team-member-bio-wrap style-1 ultimate-heading69e82ad7b3322\" style=\"text-align:center;; \"><div class=\"ult-team-member-name-wrap\"><h2 class=\"ult-team-member-name ult-responsive\"  data-ultimate-target='.ult-team-member-bio-wrap.ultimate-heading69e82ad7b3322 .ult-team-member-name'  data-responsive-json-new='{\"font-size\":\"\",\"line-height\":\"\"}'  style=\"\">Pablo Wesley De Aguiar E Silva<\/h2><div class=\"ult-team-member-position ult-responsive\"  data-ultimate-target='.ult-team-member-bio-wrap.ultimate-heading69e82ad7b3322 .ult-team-member-position'  data-responsive-json-new='{\"font-size\":\"\",\"line-height\":\"\"}'  style=\"\">Analyst<\/div><div style=\"margin-bottom:15px\"><\/div><\/div><\/div><\/div>[\/vc_column_inner][\/vc_row_inner][\/vc_column][\/vc_row][vc_row full_width=&#8221;stretch_row&#8221; gap=&#8221;5&#8243; disable_element=&#8221;yes&#8221; css=&#8221;.vc_custom_1758569610550{padding-top: 4rem !important;padding-bottom: 4rem !important;background-image: url(https:\/\/lnbio.cnpem.br\/wp-content\/uploads\/2024\/03\/grafismo-organico-lnbio-cinza.png?id=35463) !important;background-position: center !important;background-repeat: no-repeat !important;background-size: cover !important;}&#8221;][vc_column][vc_column_text css=&#8221;&#8221;]<\/p>\n<h3 style=\"text-align: left;\">Laborat\u00f3rio de Imagens Biol\u00f3gicas<\/h3>\n<p>[\/vc_column_text][vc_column_text css=&#8221;&#8221;]<\/p>\n<p style=\"text-align: justify;\"><strong>Financiamento<\/strong>: FINEP (Centros Nacionais Multiusu\u00e1rios 02\/2016) conv\u00eanio 01.17.0024-00<\/p>\n<p style=\"text-align: justify;\">O Laborat\u00f3rio de Imagens Biol\u00f3gicas oferece aos usu\u00e1rios externos acesso ao microsc\u00f3pio confocal invertido de super-resolu\u00e7\u00e3o &#8211; Leica STED, que ultrapassa o limite de difra\u00e7\u00e3o da luz, permitindo a investiga\u00e7\u00e3o de detalhes subcelulares em amostras biol\u00f3gicas fixadas. O equipamento combina a varredura a laser confocal com a t\u00e9cnica de microscopia de deple\u00e7\u00e3o por emiss\u00e3o estimulada (STED), proporcionando imagens de alta resolu\u00e7\u00e3o.<\/p>\n<div id=\"attachment_35493\" style=\"width: 1034px\" class=\"wp-caption aligncenter\"><img loading=\"lazy\" decoding=\"async\" aria-describedby=\"caption-attachment-35493\" class=\"wp-image-35493 size-large\" src=\"https:\/\/lnbio.cnpem.br\/wp-content\/uploads\/2024\/03\/STED-1536x1152-1-1024x768.jpg\" alt=\"\" width=\"1024\" height=\"768\" srcset=\"https:\/\/lnbio.cnpem.br\/wp-content\/uploads\/2024\/03\/STED-1536x1152-1-1024x768.jpg 1024w, https:\/\/lnbio.cnpem.br\/wp-content\/uploads\/2024\/03\/STED-1536x1152-1-600x450.jpg 600w, https:\/\/lnbio.cnpem.br\/wp-content\/uploads\/2024\/03\/STED-1536x1152-1-300x225.jpg 300w, https:\/\/lnbio.cnpem.br\/wp-content\/uploads\/2024\/03\/STED-1536x1152-1-768x576.jpg 768w, https:\/\/lnbio.cnpem.br\/wp-content\/uploads\/2024\/03\/STED-1536x1152-1.jpg 1536w\" sizes=\"auto, (max-width: 1024px) 100vw, 1024px\" \/><p id=\"caption-attachment-35493\" class=\"wp-caption-text\">Super-Resolution (STED) Microscope<\/p><\/div>\n<h4 style=\"text-align: justify;\">Modo de opera\u00e7\u00e3o<\/h4>\n<p style=\"text-align: justify;\">Este microsc\u00f3pio \u00e9 totalmente compat\u00edvel com prepara\u00e7\u00f5es confocais regulares (ou seja, para Leica TCS SP8), incluindo sec\u00e7\u00f5es histol\u00f3gicas de blocos embutidos em parafina, O.C.T., resinas, agarose, gelatina, etc. A t\u00e9cnica confocal pode medir amostras espessas (at\u00e9 300 micr\u00f4metros) ap\u00f3s processos de clarifica\u00e7\u00e3o. Equipado com m\u00f3dulo de costura, \u00e9 capaz de criar imagens panor\u00e2micas a partir de m\u00faltiplas regi\u00f5es e posi\u00e7\u00f5es. Al\u00e9m da fonte de luz de 405 nm, o microsc\u00f3pio utiliza um Laser de Luz Branca Pulsada (WLL) que permite o uso de at\u00e9 8 canais de 470 a 670 nm, com resolu\u00e7\u00e3o de 1 nm em comprimento de onda. A captura de gating tamb\u00e9m \u00e9 poss\u00edvel atrav\u00e9s da ativa\u00e7\u00e3o do detector e da fonte de laser para deple\u00e7\u00e3o da autofluoresc\u00eancia de fundo e\/ou medi\u00e7\u00e3o do tempo de vida da fluoresc\u00eancia. Est\u00e1 localizado no Laborat\u00f3rio de Imagens Biol\u00f3gicas e inclui uma mesa anti-vibra\u00e7\u00e3o TMC, sistema de alimenta\u00e7\u00e3o el\u00e9trica ininterrupta, e o equipamento est\u00e1 conectado a um armazenamento de dados para acesso remoto.<\/p>\n<h4 style=\"text-align: justify;\">Informa\u00e7\u00f5es \u00fateis<\/h4>\n<p style=\"text-align: justify;\"><strong>Especifica\u00e7\u00f5es t\u00e9cnicas:<\/strong> Laser de deple\u00e7\u00e3o STED em 775 nm. Objetivas: HC PL Apo CS2 10x\/0.40 Seco; HC PL Apo CS2 20x\/0.75 Seco; HC PL Apo CS2 63x\/1.40 \u00d3leo; HC PL Apo CS2 100x\/1.40 \u00d3leo. Detectores: 2 PMT, 2 H\u00edbridos (gated), 1 TLD. Captura de transmiss\u00e3o e DIC dispon\u00edvel<\/p>\n<p style=\"text-align: justify;\"><strong>Acesso para usu\u00e1rios<\/strong>: submiss\u00f5es via <a href=\"https:\/\/sauonline.cnpem.br\/duo\/\" target=\"_blank\" rel=\"noopener\">SAU Online<\/a><\/p>\n<p style=\"text-align: justify;\"><strong>Importante<\/strong>: Entre em contato com a equipe do laborat\u00f3rio para discutir a prepara\u00e7\u00e3o da amostra durante a elabora\u00e7\u00e3o da proposta<\/p>\n<p style=\"text-align: justify;\"><strong>Como enviar propostas<\/strong>: <a href=\"https:\/\/cnpem.br\/edu\/como-submeter-uma-proposta-de-pesquisa\/\" target=\"_blank\" rel=\"noopener\">saiba como submeter uma proposta de pesquisa<\/a><\/p>\n<p><strong>Contato:<br \/>\n<\/strong>Thayna Mendon\u00e7a Avelino (<a href=\"http:\/\/lattes.cnpq.br\/3682223081169650\" target=\"_blank\" rel=\"noopener\">Curr\u00edculo Lattes<\/a>)<br \/>\nPesquisador Adjunto<br \/>\n<a href=\"mailto:coordenadoreslib@lnbio.cnpem.br\">coordenadoreslib@lnbio.cnpem.br<\/a>[\/vc_column_text][\/vc_column][\/vc_row]<\/p>\n<\/div>","protected":false},"excerpt":{"rendered":"<p>[vc_row full_width=&#8221;stretch_row&#8221; full_height=&#8221;yes&#8221; content_placement=&#8221;middle&#8221; parallax=&#8221;content-moving&#8221; parallax_image=&#8221;57741&#8243; el_class=&#8221;fundo-escuro&#8221;][vc_column width=&#8221;5\/6&#8243;][vc_column_text css=&#8221;&#8221;] Biological Imaging Laboratory [\/vc_column_text][vc_column_text css=&#8221;.vc_custom_1696512384777{margin-left: -15px !important;border-left-width: -15px !important;padding-left: -15px !important;}&#8221;][\/vc_column_text][\/vc_column][vc_column width=&#8221;1\/6&#8243;][\/vc_column][\/vc_row][vc_row full_width=&#8221;stretch_row&#8221; gap=&#8221;5&#8243; css=&#8221;.vc_custom_1710876484752{padding-top: 4rem !important;padding-bottom: 4rem !important;background-image: url(https:\/\/lnbio.cnpem.br\/wp-content\/uploads\/2024\/03\/grafismo-organico-lnbio-cinza.png?id=35463) !important;background-position: center !important;background-repeat: no-repeat !important;background-size: cover !important;}&#8221;][vc_column][vc_column_text css=&#8221;&#8221;] About the facility [\/vc_column_text][vc_column_text css=&#8221;&#8221;] With a strategic role supporting research in life sciences, the Biological Imaging Laboratory&hellip;<\/p>\n","protected":false},"author":2,"featured_media":52141,"parent":52223,"menu_order":0,"comment_status":"closed","ping_status":"closed","template":"","meta":{"_monsterinsights_skip_tracking":false,"_monsterinsights_sitenote_active":false,"_monsterinsights_sitenote_note":"","_monsterinsights_sitenote_category":0,"footnotes":"","_links_to":"","_links_to_target":""},"categories":[124],"tags":[],"class_list":["post-52247","page","type-page","status-publish","has-post-thumbnail","hentry","category-open-facilities","description-off"],"_links":{"self":[{"href":"https:\/\/lnbio.cnpem.br\/en\/wp-json\/wp\/v2\/pages\/52247","targetHints":{"allow":["GET"]}}],"collection":[{"href":"https:\/\/lnbio.cnpem.br\/en\/wp-json\/wp\/v2\/pages"}],"about":[{"href":"https:\/\/lnbio.cnpem.br\/en\/wp-json\/wp\/v2\/types\/page"}],"author":[{"embeddable":true,"href":"https:\/\/lnbio.cnpem.br\/en\/wp-json\/wp\/v2\/users\/2"}],"replies":[{"embeddable":true,"href":"https:\/\/lnbio.cnpem.br\/en\/wp-json\/wp\/v2\/comments?post=52247"}],"version-history":[{"count":0,"href":"https:\/\/lnbio.cnpem.br\/en\/wp-json\/wp\/v2\/pages\/52247\/revisions"}],"up":[{"embeddable":true,"href":"https:\/\/lnbio.cnpem.br\/en\/wp-json\/wp\/v2\/pages\/52223"}],"wp:featuredmedia":[{"embeddable":true,"href":"https:\/\/lnbio.cnpem.br\/en\/wp-json\/wp\/v2\/media\/52141"}],"wp:attachment":[{"href":"https:\/\/lnbio.cnpem.br\/en\/wp-json\/wp\/v2\/media?parent=52247"}],"wp:term":[{"taxonomy":"category","embeddable":true,"href":"https:\/\/lnbio.cnpem.br\/en\/wp-json\/wp\/v2\/categories?post=52247"},{"taxonomy":"post_tag","embeddable":true,"href":"https:\/\/lnbio.cnpem.br\/en\/wp-json\/wp\/v2\/tags?post=52247"}],"curies":[{"name":"wp","href":"https:\/\/api.w.org\/{rel}","templated":true}]}}