{"id":52233,"date":"2024-03-15T13:24:31","date_gmt":"2024-03-15T16:24:31","guid":{"rendered":"https:\/\/lnbio.cnpem.br\/divisoes-cientificas\/facilities-servicos\/biomolecules\/"},"modified":"2025-10-22T10:01:44","modified_gmt":"2025-10-22T13:01:44","slug":"biomoleculas","status":"publish","type":"page","link":"https:\/\/lnbio.cnpem.br\/en\/divisoes-cientificas\/facilities-servicos\/biomoleculas\/","title":{"rendered":"Biomolecules"},"content":{"rendered":"<div class=\"wpb-content-wrapper\"><p>[vc_row full_width=&#8221;stretch_row&#8221; full_height=&#8221;yes&#8221; content_placement=&#8221;middle&#8221; parallax=&#8221;content-moving&#8221; parallax_image=&#8221;51513&#8243; el_class=&#8221;fundo-escuro&#8221;][vc_column width=&#8221;1\/2&#8243;][vc_custom_heading text=&#8221;Biomolecules&#8221; font_container=&#8221;tag:h1|text_align:left|color:%23ffffff&#8221; use_theme_fonts=&#8221;yes&#8221;][vc_column_text css=&#8221;.vc_custom_1696512384777{margin-left: -15px !important;border-left-width: -15px !important;padding-left: -15px !important;}&#8221;]\t\t\t<!-- Flexy Breadcrumb -->\r\n\t\t\t<div class=\"fbc fbc-page\">\r\n\r\n\t\t\t\t<!-- Breadcrumb wrapper -->\r\n\t\t\t\t<div class=\"fbc-wrap\">\r\n\r\n\t\t\t\t\t<!-- Ordered list-->\r\n\t\t\t\t\t<ol class=\"fbc-items\" itemscope itemtype=\"https:\/\/schema.org\/BreadcrumbList\">\r\n\t\t\t\t\t\t            <li itemprop=\"itemListElement\" itemscope itemtype=\"https:\/\/schema.org\/ListItem\">\r\n                <span itemprop=\"name\">\r\n                    <!-- Home Link -->\r\n                    <a itemprop=\"item\" href=\"https:\/\/lnbio.cnpem.br\">\r\n                    \r\n                        Home                    <\/a>\r\n                <\/span>\r\n                <meta itemprop=\"position\" content=\"1\" \/><!-- Meta Position-->\r\n             <\/li><li><span class=\"fbc-separator\">\/<\/span><\/li><li class=\"active\" itemprop=\"itemListElement\" itemscope itemtype=\"https:\/\/schema.org\/ListItem\"><span itemprop=\"name\" title=\"Biomolecules\">Biomolecules<\/span><meta itemprop=\"position\" content=\"2\" \/><\/li>\t\t\t\t\t<\/ol>\r\n\t\t\t\t\t<div class=\"clearfix\"><\/div>\r\n\t\t\t\t<\/div>\r\n\t\t\t<\/div>\r\n\t\t\t[\/vc_column_text][\/vc_column][vc_column width=&#8221;1\/2&#8243;][\/vc_column][\/vc_row][vc_row full_width=&#8221;stretch_row&#8221; bg_type=&#8221;grad&#8221; css=&#8221;.vc_custom_1696869286027{background-position: center !important;background-repeat: no-repeat !important;background-size: cover !important;}&#8221; bg_grad=&#8221;background: -webkit-gradient(linear, left top, left bottom, color-stop(0%, #02735E), color-stop(99%, #009DA8));background: -moz-linear-gradient(left,#02735E 0%,#009DA8 99%);background: -webkit-linear-gradient(left,#02735E 0%,#009DA8 99%);background: -o-linear-gradient(left,#02735E 0%,#009DA8 99%);background: -ms-linear-gradient(left,#02735E 0%,#009DA8 99%);background: linear-gradient(left,#02735E 0%,#009DA8 99%);&#8221;][vc_column css=&#8221;.vc_custom_1695215965337{padding-top: 28px !important;padding-bottom: 28px !important;}&#8221;][vc_empty_space][vc_custom_heading text=&#8221;Biomolecules&#8221; font_container=&#8221;tag:h3|text_align:left|color:%23ffffff&#8221; use_theme_fonts=&#8221;yes&#8221;][vc_column_text css=&#8221;&#8221;]<span style=\"color: #ffffff;\">The Biomolecules Group is dedicated to chemical synthesis of oligonucleotides and peptides, as well as the production, purification, biophysical characterization and crystallization of proteins and their complexes. Comprising four highly specialized and well-equipped laboratories, the group is strategic for the scientific community, integrating essential technologies for interaction studies, structural, functional and biological assays, and sample quality control. Through synergy between specialized knowledge and advanced resources, this group of laboratories offers fundamental support to advance the development a wide variety of molecular research.<\/span><\/p>\n<p><span style=\"color: #ffffff;\">\u00a0<\/span>[\/vc_column_text][vc_empty_space][\/vc_column][\/vc_row][vc_row full_width=&#8221;stretch_row&#8221; css=&#8221;.vc_custom_1696434766725{background-color: #ffffff !important;background-position: center !important;background-repeat: no-repeat !important;background-size: cover !important;}&#8221;][vc_column][vc_empty_space height=&#8221;40&#8243;][\/vc_column][\/vc_row][vc_row full_width=&#8221;stretch_row&#8221; css=&#8221;.vc_custom_1696434766725{background-color: #ffffff !important;background-position: center !important;background-repeat: no-repeat !important;background-size: cover !important;}&#8221;][vc_column width=&#8221;1\/4&#8243;]<div tabindex=\"0\" class=\"ult-new-ib ult-ib-effect-style13  ult-ib-resp ult-ib2-min-height \" data-min-width=\"768\" data-max-width=\"900\" style=\"background:#162333; opacity:0; \" data-opacity=\"0.6\" data-hover-opacity=\"0.5\"  data-min-height=\"250\" ><img decoding=\"async\" class=\"ult-new-ib-img\" style=\"opacity:0.6;\" alt=\"null\" src=\"https:\/\/lnbio.cnpem.br\/wp-content\/uploads\/2024\/04\/laboratorio-sintese-biomoleculas-liberty-blue.jpg\"  data-min-height=\"250\"   \/><div id=\"interactive-banner-wrap-8855\" class=\"ult-new-ib-desc\" style=\"\"><h3 class=\"ult-new-ib-title ult-responsive\"  data-ultimate-target='#interactive-banner-wrap-8855 .ult-new-ib-title'  data-responsive-json-new='{\"font-size\":\"desktop:25px;\",\"line-height\":\"\"}'  style=\"font-weight:bold;\">LSB - Biomolecule Synthesis Laboratory<\/h3><div class=\"ult-new-ib-content ult-responsive\"  data-ultimate-target='#interactive-banner-wrap-8855 .ult-new-ib-content'  data-responsive-json-new='{\"font-size\":\"desktop:20px;\",\"line-height\":\"\"}'  style=\"font-weight:normal;\"><p>Learn more about LSB<\/p><\/div><\/div><a class=\"ult-new-ib-link\" href=\"https:\/\/lnbio.cnpem.br\/en\/instalacoes-abertas\/laboratorio-de-sintese-de-biomoleculas\/\" title=\"Laborat\u00f3rio de s\u00edntese de biomol\u00e9culas\"  ><\/a><\/div>[vc_column_text css=&#8221;&#8221;]Automated chemical synthesis, customization, purification, and characterization of peptides and oligonucleotides from DNA and RNA[\/vc_column_text][vc_empty_space height=&#8221;10px&#8221;][vc_empty_space height=&#8221;10px&#8221;][\/vc_column][vc_column width=&#8221;1\/4&#8243;]<div tabindex=\"0\" class=\"ult-new-ib ult-ib-effect-style13  ult-ib-resp ult-ib2-min-height \" data-min-width=\"768\" data-max-width=\"900\" style=\"background:#162333; opacity:0; \" data-opacity=\"0.6\" data-hover-opacity=\"0.5\"  data-min-height=\"250\" ><img decoding=\"async\" class=\"ult-new-ib-img\" style=\"opacity:0.6;\" alt=\"null\" src=\"https:\/\/lnbio.cnpem.br\/wp-content\/uploads\/2024\/11\/lpp-laboratorio-purificacao-proteinas.png\"  data-min-height=\"250\"   \/><div id=\"interactive-banner-wrap-2648\" class=\"ult-new-ib-desc\" style=\"\"><h3 class=\"ult-new-ib-title ult-responsive\"  data-ultimate-target='#interactive-banner-wrap-2648 .ult-new-ib-title'  data-responsive-json-new='{\"font-size\":\"desktop:25px;\",\"line-height\":\"\"}'  style=\"font-weight:bold;\">LPP - Protein Purification Laboratory<\/h3><div class=\"ult-new-ib-content ult-responsive\"  data-ultimate-target='#interactive-banner-wrap-2648 .ult-new-ib-content'  data-responsive-json-new='{\"font-size\":\"desktop:20px;\",\"line-height\":\"\"}'  style=\"font-weight:normal;\"><p>Learn more about LPP<\/p><\/div><\/div><a class=\"ult-new-ib-link\" href=\"https:\/\/lnbio.cnpem.br\/en\/instalacoes-abertas\/purificacao-de-proteinas\/\" title=\"Purifica\u00e7\u00e3o de prote\u00ednas\"  ><\/a><\/div>[vc_column_text css=&#8221;&#8221;]To guarantee the high purity and homogeneity required for biophysical, structural and functional analyses, the laboratory has semi-automated chromatographs to carry out the main liquid chromatography techniques[\/vc_column_text][vc_empty_space height=&#8221;10px&#8221;][vc_empty_space height=&#8221;10px&#8221;][\/vc_column][vc_column width=&#8221;1\/4&#8243;]<div tabindex=\"0\" class=\"ult-new-ib ult-ib-effect-style13  ult-ib-resp ult-ib2-min-height \" data-min-width=\"768\" data-max-width=\"900\" style=\"background:#162333; opacity:0; \" data-opacity=\"0.6\" data-hover-opacity=\"0.5\"  data-min-height=\"250\" ><img decoding=\"async\" class=\"ult-new-ib-img\" style=\"opacity:0.6;\" alt=\"null\" src=\"https:\/\/lnbio.cnpem.br\/wp-content\/uploads\/2023\/07\/cristalizacao-header.jpg\"  data-min-height=\"250\"   \/><div id=\"interactive-banner-wrap-9814\" class=\"ult-new-ib-desc\" style=\"\"><h3 class=\"ult-new-ib-title ult-responsive\"  data-ultimate-target='#interactive-banner-wrap-9814 .ult-new-ib-title'  data-responsive-json-new='{\"font-size\":\"desktop:25px;\",\"line-height\":\"\"}'  style=\"font-weight:bold;\">ROBOLAB - Automatic Protein Crystallization Laboratory<\/h3><div class=\"ult-new-ib-content ult-responsive\"  data-ultimate-target='#interactive-banner-wrap-9814 .ult-new-ib-content'  data-responsive-json-new='{\"font-size\":\"desktop:20px;\",\"line-height\":\"\"}'  style=\"font-weight:normal;\"><p>Learn more about ROBOLAB<\/p><\/div><\/div><a class=\"ult-new-ib-link\" href=\"https:\/\/lnbio.cnpem.br\/en\/instalacoes-abertas\/laboratorio-automatizado-de-cristalizacao-de-proteinas\/\" title=\"Laborat\u00f3rio Automatizado de Cristaliza\u00e7\u00e3o de Prote\u00ednas\"  ><\/a><\/div>[vc_column_text css=&#8221;&#8221;]High-throughput equipment for preparing protein crystallization matrices and experiments[\/vc_column_text][vc_empty_space height=&#8221;10px&#8221;][vc_empty_space height=&#8221;10px&#8221;][\/vc_column][vc_column width=&#8221;1\/4&#8243;]<div tabindex=\"0\" class=\"ult-new-ib ult-ib-effect-style13  ult-ib-resp ult-ib2-min-height \" data-min-width=\"768\" data-max-width=\"900\" style=\"background:#162333; opacity:0; \" data-opacity=\"0.6\" data-hover-opacity=\"0.5\"  data-min-height=\"250\" ><img decoding=\"async\" class=\"ult-new-ib-img\" style=\"opacity:0.6;\" alt=\"null\" src=\"https:\/\/lnbio.cnpem.br\/wp-content\/uploads\/2024\/04\/laboratorio_espectroscopia_calorimetria_LECfoto.jpeg\"  data-min-height=\"250\"   \/><div id=\"interactive-banner-wrap-8603\" class=\"ult-new-ib-desc\" style=\"\"><h3 class=\"ult-new-ib-title ult-responsive\"  data-ultimate-target='#interactive-banner-wrap-8603 .ult-new-ib-title'  data-responsive-json-new='{\"font-size\":\"desktop:25px;\",\"line-height\":\"\"}'  style=\"font-weight:bold;\">LEC - Spectroscopy and Calorimetry Laboratory<\/h3><div class=\"ult-new-ib-content ult-responsive\"  data-ultimate-target='#interactive-banner-wrap-8603 .ult-new-ib-content'  data-responsive-json-new='{\"font-size\":\"desktop:20px;\",\"line-height\":\"\"}'  style=\"font-weight:normal;\"><p>Learn more about LEC<\/p><\/div><\/div><a class=\"ult-new-ib-link\" href=\"https:\/\/lnbio.cnpem.br\/en\/instalacoes-abertas\/espectroscopia-e-calorimetria\/\" title=\"Laborat\u00f3rio de Espectroscopia e Calorimetria\"  ><\/a><\/div>[vc_column_text css=&#8221;&#8221;]Technologies and equipment for the physical, chemical, biophysical and structural analysis and characterization of proteins, polymers and nanoparticles in solution[\/vc_column_text][vc_empty_space height=&#8221;10px&#8221;][vc_empty_space height=&#8221;10px&#8221;][\/vc_column][\/vc_row]<\/p>\n<\/div>","protected":false},"excerpt":{"rendered":"<p>[vc_row full_width=&#8221;stretch_row&#8221; full_height=&#8221;yes&#8221; content_placement=&#8221;middle&#8221; parallax=&#8221;content-moving&#8221; parallax_image=&#8221;51513&#8243; el_class=&#8221;fundo-escuro&#8221;][vc_column width=&#8221;1\/2&#8243;][vc_custom_heading text=&#8221;Biomolecules&#8221; font_container=&#8221;tag:h1|text_align:left|color:%23ffffff&#8221; use_theme_fonts=&#8221;yes&#8221;][vc_column_text css=&#8221;.vc_custom_1696512384777{margin-left: -15px !important;border-left-width: -15px !important;padding-left: -15px !important;}&#8221;][\/vc_column_text][\/vc_column][vc_column width=&#8221;1\/2&#8243;][\/vc_column][\/vc_row][vc_row full_width=&#8221;stretch_row&#8221; bg_type=&#8221;grad&#8221; css=&#8221;.vc_custom_1696869286027{background-position: center !important;background-repeat: no-repeat !important;background-size: cover !important;}&#8221; bg_grad=&#8221;background: -webkit-gradient(linear, left top, left bottom, color-stop(0%, #02735E), color-stop(99%, #009DA8));background: -moz-linear-gradient(left,#02735E 0%,#009DA8 99%);background: -webkit-linear-gradient(left,#02735E 0%,#009DA8 99%);background: -o-linear-gradient(left,#02735E 0%,#009DA8 99%);background: -ms-linear-gradient(left,#02735E 0%,#009DA8 99%);background: linear-gradient(left,#02735E 0%,#009DA8 99%);&#8221;][vc_column css=&#8221;.vc_custom_1695215965337{padding-top: 28px&hellip;<\/p>\n","protected":false},"author":2,"featured_media":0,"parent":52232,"menu_order":0,"comment_status":"closed","ping_status":"closed","template":"","meta":{"_monsterinsights_skip_tracking":false,"_monsterinsights_sitenote_active":false,"_monsterinsights_sitenote_note":"","_monsterinsights_sitenote_category":0,"footnotes":"","_links_to":"","_links_to_target":""},"categories":[129,127,126],"tags":[],"class_list":["post-52233","page","type-page","status-publish","hentry","category-biomolecules","category-facilities-and-services","category-scientific-divisions","description-off"],"_links":{"self":[{"href":"https:\/\/lnbio.cnpem.br\/en\/wp-json\/wp\/v2\/pages\/52233","targetHints":{"allow":["GET"]}}],"collection":[{"href":"https:\/\/lnbio.cnpem.br\/en\/wp-json\/wp\/v2\/pages"}],"about":[{"href":"https:\/\/lnbio.cnpem.br\/en\/wp-json\/wp\/v2\/types\/page"}],"author":[{"embeddable":true,"href":"https:\/\/lnbio.cnpem.br\/en\/wp-json\/wp\/v2\/users\/2"}],"replies":[{"embeddable":true,"href":"https:\/\/lnbio.cnpem.br\/en\/wp-json\/wp\/v2\/comments?post=52233"}],"version-history":[{"count":0,"href":"https:\/\/lnbio.cnpem.br\/en\/wp-json\/wp\/v2\/pages\/52233\/revisions"}],"up":[{"embeddable":true,"href":"https:\/\/lnbio.cnpem.br\/en\/wp-json\/wp\/v2\/pages\/52232"}],"wp:attachment":[{"href":"https:\/\/lnbio.cnpem.br\/en\/wp-json\/wp\/v2\/media?parent=52233"}],"wp:term":[{"taxonomy":"category","embeddable":true,"href":"https:\/\/lnbio.cnpem.br\/en\/wp-json\/wp\/v2\/categories?post=52233"},{"taxonomy":"post_tag","embeddable":true,"href":"https:\/\/lnbio.cnpem.br\/en\/wp-json\/wp\/v2\/tags?post=52233"}],"curies":[{"name":"wp","href":"https:\/\/api.w.org\/{rel}","templated":true}]}}