{"id":52218,"date":"2023-10-04T09:09:28","date_gmt":"2023-10-04T12:09:28","guid":{"rendered":"https:\/\/lnbio.cnpem.br\/scientific-divisions\/"},"modified":"2025-10-21T16:07:10","modified_gmt":"2025-10-21T19:07:10","slug":"divisoes-cientificas","status":"publish","type":"page","link":"https:\/\/lnbio.cnpem.br\/en\/divisoes-cientificas\/","title":{"rendered":"Scientific divisions"},"content":{"rendered":"<div class=\"wpb-content-wrapper\"><p>[vc_row full_width=&#8221;stretch_row&#8221; full_height=&#8221;yes&#8221; equal_height=&#8221;yes&#8221; content_placement=&#8221;middle&#8221; css=&#8221;.vc_custom_1716292653433{background-image: url(https:\/\/lnbio.cnpem.br\/wp-content\/uploads\/2024\/05\/lnbio_diversidade_2024-05.jpg?id=51539) !important;background-position: center !important;background-repeat: no-repeat !important;background-size: cover !important;}&#8221; el_class=&#8221;fundo-escuro&#8221;][vc_column css=&#8221;.vc_custom_1716289537714{background-position: center !important;background-repeat: no-repeat !important;background-size: cover !important;}&#8221;][vc_custom_heading text=&#8221;Scientific divisions&#8221; font_container=&#8221;tag:h1|text_align:left|color:%23ffffff&#8221; use_theme_fonts=&#8221;yes&#8221;][vc_column_text css=&#8221;.vc_custom_1696512384777{margin-left: -15px !important;border-left-width: -15px !important;padding-left: -15px !important;}&#8221;]\t\t\t<!-- Flexy Breadcrumb -->\r\n\t\t\t<div class=\"fbc fbc-page\">\r\n\r\n\t\t\t\t<!-- Breadcrumb wrapper -->\r\n\t\t\t\t<div class=\"fbc-wrap\">\r\n\r\n\t\t\t\t\t<!-- Ordered list-->\r\n\t\t\t\t\t<ol class=\"fbc-items\" itemscope itemtype=\"https:\/\/schema.org\/BreadcrumbList\">\r\n\t\t\t\t\t\t            <li itemprop=\"itemListElement\" itemscope itemtype=\"https:\/\/schema.org\/ListItem\">\r\n                <span itemprop=\"name\">\r\n                    <!-- Home Link -->\r\n                    <a itemprop=\"item\" href=\"https:\/\/lnbio.cnpem.br\">\r\n                    \r\n                        Home                    <\/a>\r\n                <\/span>\r\n                <meta itemprop=\"position\" content=\"1\" \/><!-- Meta Position-->\r\n             <\/li><li><span class=\"fbc-separator\">\/<\/span><\/li><li class=\"active\" itemprop=\"itemListElement\" itemscope itemtype=\"https:\/\/schema.org\/ListItem\"><span itemprop=\"name\" title=\"Scientific divisions\">Scientific divisions<\/span><meta itemprop=\"position\" content=\"2\" \/><\/li>\t\t\t\t\t<\/ol>\r\n\t\t\t\t\t<div class=\"clearfix\"><\/div>\r\n\t\t\t\t<\/div>\r\n\t\t\t<\/div>\r\n\t\t\t[\/vc_column_text][\/vc_column][\/vc_row][vc_row full_width=&#8221;stretch_row&#8221; bg_type=&#8221;grad&#8221; bg_grad=&#8221;background: -webkit-gradient(linear, left top, left bottom, color-stop(0%, #02735E), color-stop(99%, #009DA8));background: -moz-linear-gradient(left,#02735E 0%,#009DA8 99%);background: -webkit-linear-gradient(left,#02735E 0%,#009DA8 99%);background: -o-linear-gradient(left,#02735E 0%,#009DA8 99%);background: -ms-linear-gradient(left,#02735E 0%,#009DA8 99%);background: linear-gradient(left,#02735E 0%,#009DA8 99%);&#8221;][vc_column][\/vc_column][\/vc_row][vc_row full_width=&#8221;stretch_row&#8221; bg_type=&#8221;grad&#8221; css=&#8221;.vc_custom_1696869286027{background-position: center !important;background-repeat: no-repeat !important;background-size: cover !important;}&#8221; bg_grad=&#8221;background: -webkit-gradient(linear, left top, left bottom, color-stop(0%, #02735E), color-stop(99%, #009DA8));background: -moz-linear-gradient(left,#02735E 0%,#009DA8 99%);background: -webkit-linear-gradient(left,#02735E 0%,#009DA8 99%);background: -o-linear-gradient(left,#02735E 0%,#009DA8 99%);background: -ms-linear-gradient(left,#02735E 0%,#009DA8 99%);background: linear-gradient(left,#02735E 0%,#009DA8 99%);&#8221;][vc_column css=&#8221;.vc_custom_1695215965337{padding-top: 28px !important;padding-bottom: 28px !important;}&#8221;][vc_empty_space][vc_custom_heading text=&#8221;Scientific divisions&#8221; font_container=&#8221;tag:h3|text_align:left|color:%23ffffff&#8221; use_theme_fonts=&#8221;yes&#8221;][vc_column_text css=&#8221;&#8221;]<span style=\"color: #ffffff;\">LNBio stands out for bioscience research, facing global health challenges. The Immunity and Pathogens research front offers a holistic approach to understanding and facing public health threats caused by microscopic pathogens.<\/span><\/p>\n<p><span style=\"color: #ffffff;\">The area of Integrative Biology works to investigate the fundamental mechanisms of life through a multidimensional and collaborative approach that integrates biological organization on different scales ranging from molecular structure to cell and tissue function. It is committed to generating fundamental knowledge and promoting innovations that will help us face challenges to human health.<\/span><\/p>\n<p><span style=\"color: #ffffff;\">The Advanced Health Technologies Division brings together strategic research fronts in proteomics, gene editing, tissue engineering, immunotherapy and biologicals. Its main mission is to meet demand from the research and development and innovation (RD&amp;I) chain in health, strengthening the health economic industrial complex by discovering and validating high-impact technological solutions that can benefit the Brazilian population.<\/span><\/p>\n<p><span style=\"color: #ffffff;\">The Facilities and Services Division supports scientific excellence with specialized services and laboratories that are available to users in Brazil and abroad, and also plays an essential role in conducting, refining, and developing new experimental approaches. At LNBio, knowledge and innovation converge to make significant contributions to the Brazilian health sector.<\/span><\/p>\n<p><span style=\"color: #ffffff;\">The mission of the Drug Discovery Division is to enable radical innovation in pharmaceuticals in Brazil, through sustainable use of biodiversity in connection with cutting-edge science and advanced technology. This process takes place via a drug discovery platform that uses high technology including new frontiers for discovering and validating molecular targets.<\/span>[\/vc_column_text][vc_empty_space][\/vc_column][\/vc_row][vc_row full_width=&#8221;stretch_row&#8221; css=&#8221;.vc_custom_1696434766725{background-color: #ffffff !important;background-position: center !important;background-repeat: no-repeat !important;background-size: cover !important;}&#8221;][vc_column][vc_empty_space][\/vc_column][\/vc_row][vc_row][vc_column]<style type=\"text\/css\" data-type=\"the7_shortcodes-inline-css\">.carousel-shortcode.carousel-shortcode-id-193add502047c4d0f08e790f273e84ea.owl-carousel .owl-nav div {\n  width: 36px;\n  height: 36px;\n  border-radius: 500px;\n}\n.dt-arrow-border-on.carousel-shortcode.carousel-shortcode-id-193add502047c4d0f08e790f273e84ea.owl-carousel .owl-nav div:not(:hover):before {\n  border-width: 0px;\n}\n.dt-arrow-hover-border-on.carousel-shortcode.carousel-shortcode-id-193add502047c4d0f08e790f273e84ea.owl-carousel .owl-nav div:hover:after {\n  border-width: 0px;\n}\n.carousel-shortcode.carousel-shortcode-id-193add502047c4d0f08e790f273e84ea.owl-carousel .owl-nav div.owl-prev {\n  top: 50%;\n  transform: translateY(calc(-50% + 0px));\n  left: -43px;\n}\n@media all and (-ms-high-contrast: none) {\n  .carousel-shortcode.carousel-shortcode-id-193add502047c4d0f08e790f273e84ea.owl-carousel .owl-nav div.owl-prev {\n    transform: translateY(-50%);\n    margin-top: 0px;\n  }\n}\n.carousel-shortcode.carousel-shortcode-id-193add502047c4d0f08e790f273e84ea.owl-carousel .owl-nav div.owl-prev i {\n  padding: 0px 0px 0px 0px;\n}\n.carousel-shortcode.carousel-shortcode-id-193add502047c4d0f08e790f273e84ea.owl-carousel .owl-nav div.owl-next {\n  top: 50%;\n  transform: translateY(calc(-50% + 0px));\n  right: -43px;\n}\n@media all and (-ms-high-contrast: none) {\n  .carousel-shortcode.carousel-shortcode-id-193add502047c4d0f08e790f273e84ea.owl-carousel .owl-nav div.owl-next {\n    transform: translateY(-50%);\n    margin-top: 0px;\n  }\n}\n.carousel-shortcode.carousel-shortcode-id-193add502047c4d0f08e790f273e84ea.owl-carousel .owl-nav div.owl-next i {\n  padding: 0px 0px 0px 0px;\n}\n.carousel-shortcode.carousel-shortcode-id-193add502047c4d0f08e790f273e84ea.owl-carousel .owl-nav i {\n  font-size: 18px;\n}\n.carousel-shortcode.carousel-shortcode-id-193add502047c4d0f08e790f273e84ea.owl-carousel .owl-nav div:not(:hover) i,\n.carousel-shortcode.carousel-shortcode-id-193add502047c4d0f08e790f273e84ea.owl-carousel .owl-nav div:not(:hover) i:before {\n  color: #ffffff;\n  background: none;\n}\n.carousel-shortcode.carousel-shortcode-id-193add502047c4d0f08e790f273e84ea.owl-carousel .owl-nav div:hover i,\n.carousel-shortcode.carousel-shortcode-id-193add502047c4d0f08e790f273e84ea.owl-carousel .owl-nav div:hover i:before {\n  color: rgba(255,255,255,0.75);\n  background: none;\n}\n.carousel-shortcode.carousel-shortcode-id-193add502047c4d0f08e790f273e84ea .owl-dots {\n  top: calc(100% + 20px);\n  left: 50%;\n  transform: translateX(calc(-50% + 0px));\n}\n@media all and (-ms-high-contrast: none) {\n  .carousel-shortcode.carousel-shortcode-id-193add502047c4d0f08e790f273e84ea .owl-dots {\n    transform: translateX(-50%);\n    margin-left: 0px;\n  }\n}\n.carousel-shortcode.carousel-shortcode-id-193add502047c4d0f08e790f273e84ea .owl-dot {\n  width: 10px;\n  height: 10px;\n  margin: 0 8px;\n}\n@media screen and (max-width: 778px) {\n  .carousel-shortcode.carousel-shortcode-id-193add502047c4d0f08e790f273e84ea.hide-arrows .owl-nav a {\n    display: none;\n  }\n}\n@media screen and (max-width: 778px) {\n  .carousel-shortcode.carousel-shortcode-id-193add502047c4d0f08e790f273e84ea.reposition-arrows .owl-nav .owl-prev {\n    top: 50%;\n    transform: translateY(calc(-50% + 0px));\n    left: 10px;\n  }\n  .carousel-shortcode.carousel-shortcode-id-193add502047c4d0f08e790f273e84ea.reposition-arrows .owl-nav .owl-next {\n    top: 50%;\n    transform: translateY(calc(-50% + 0px));\n    right: 10px;\n  }\n}\n@media screen and (max-width: 778px) and all and (-ms-high-contrast: none) {\n  .carousel-shortcode.carousel-shortcode-id-193add502047c4d0f08e790f273e84ea.reposition-arrows .owl-nav .owl-prev {\n    transform: translateY(-50%);\n    margin-top: 0px;\n  }\n}\n@media screen and (max-width: 778px) and all and (-ms-high-contrast: none) {\n  .carousel-shortcode.carousel-shortcode-id-193add502047c4d0f08e790f273e84ea.reposition-arrows .owl-nav .owl-next {\n    transform: translateY(-50%);\n    margin-top: 0px;\n  }\n}<\/style><div class=\"owl-carousel carousel-shortcode dt-owl-carousel-call carousel-shortcode-id-193add502047c4d0f08e790f273e84ea bullets-small-dot-stroke reposition-arrows arrows-bg-on dt-arrow-border-on dt-arrow-hover-border-on disable-arrows-hover-bg arrows-hover-bg-on  \" data-scroll-mode=\"1\" data-col-num=\"3\" data-wide-col-num=\"4\" data-laptop-col=\"3\" data-h-tablet-columns-num=\"3\" data-v-tablet-columns-num=\"2\" data-phone-columns-num=\"1\" data-auto-height=\"true\" data-col-gap=\"30\" data-stage-padding=\"0\" data-speed=\"600\" data-autoplay=\"false\" data-autoplay_speed=\"6000\" data-arrows=\"true\" data-bullet=\"false\" data-next-icon=\"icon-ar-017-r\" data-prev-icon=\"icon-ar-017-l\">[vc_row_inner][vc_column_inner]<div tabindex=\"0\" class=\"ult-new-ib ult-ib-effect-style13  ult-ib-resp ult-ib2-min-height \" data-min-width=\"768\" data-max-width=\"900\" style=\"background:#162333; opacity:0; \" data-opacity=\"0.6\" data-hover-opacity=\"0.5\"  data-min-height=\"250\" ><img decoding=\"async\" class=\"ult-new-ib-img\" style=\"opacity:0.6;\" alt=\"null\" src=\"https:\/\/lnbio.cnpem.br\/wp-content\/uploads\/2023\/04\/noticias-mayaro-corte-fig_cnpem5-min.png\"  data-min-height=\"250\"   \/><div id=\"interactive-banner-wrap-6469\" class=\"ult-new-ib-desc\" style=\"\"><h3 class=\"ult-new-ib-title ult-responsive\"  data-ultimate-target='#interactive-banner-wrap-6469 .ult-new-ib-title'  data-responsive-json-new='{\"font-size\":\"\",\"line-height\":\"\"}'  style=\"font-weight:bold;\">Immunity and Pathogens<\/h3><\/div><a class=\"ult-new-ib-link\" href=\"https:\/\/lnbio.cnpem.br\/en\/divisoes-cientificas\/imunidade-e-patogenos\/\" title=\"Immunity and pathogens\"  ><\/a><\/div>[vc_column_text css=&#8221;&#8221;]Revealing the molecular mechanisms related to emerging viral illnesses and neglected diseases that lack measures for treatment and prevention, and have an especially strong impact on more socioeconomically vulnerable populations[\/vc_column_text][vc_empty_space height=&#8221;10px&#8221;][vc_column_text css=&#8221;&#8221;]<strong><a class=\"post-details details-type-link\" href=\"https:\/\/lnbio.cnpem.br\/en\/divisoes-cientificas\/imunidade-e-patogenos\/\" aria-label=\"Read more about Candidatos a f\u00e1rmacos alvo dirigidos para o tratamento de infec\u00e7\u00f5es virais por Coronav\u00edrus\">DISCOVER \u21fe<\/a><\/strong>[\/vc_column_text][vc_empty_space height=&#8221;10px&#8221;][\/vc_column_inner][\/vc_row_inner][vc_row_inner][vc_column_inner]<div tabindex=\"0\" class=\"ult-new-ib ult-ib-effect-style13  ult-ib-resp ult-ib2-min-height \" data-min-width=\"768\" data-max-width=\"900\" style=\"background:#162333; opacity:0; \" data-opacity=\"0.6\" data-hover-opacity=\"0.5\"  data-min-height=\"250\" ><img decoding=\"async\" class=\"ult-new-ib-img\" style=\"opacity:0.6;\" alt=\"null\" src=\"https:\/\/lnbio.cnpem.br\/wp-content\/uploads\/2025\/09\/biologia-integrativa.jpg\"  data-min-height=\"250\"   \/><div id=\"interactive-banner-wrap-6266\" class=\"ult-new-ib-desc\" style=\"\"><h3 class=\"ult-new-ib-title ult-responsive\"  data-ultimate-target='#interactive-banner-wrap-6266 .ult-new-ib-title'  data-responsive-json-new='{\"font-size\":\"\",\"line-height\":\"\"}'  style=\"font-weight:bold;\">Integrative Biology<\/h3><\/div><a class=\"ult-new-ib-link\" href=\"https:\/\/lnbio.cnpem.br\/en\/divisoes-cientificas\/biologia-integrativa\/\" title=\"Integrative biology\"  ><\/a><\/div>[vc_column_text css=&#8221;&#8221;]Studying the fundamental mechanisms of life through a multidimensional and collaborative approach that promotes innovations to face challenges related to human health[\/vc_column_text][vc_empty_space height=&#8221;10px&#8221;][vc_column_text css=&#8221;&#8221;]<strong><a class=\"post-details details-type-link\" href=\"https:\/\/lnbio.cnpem.br\/en\/divisoes-cientificas\/biologia-integrativa\/\" aria-label=\"Read more about Candidatos a f\u00e1rmacos alvo dirigidos para o tratamento de infec\u00e7\u00f5es virais por Coronav\u00edrus\">DISCOVER \u21fe<\/a><\/strong>[\/vc_column_text][vc_empty_space height=&#8221;10px&#8221;][\/vc_column_inner][\/vc_row_inner][vc_row_inner][vc_column_inner]<div tabindex=\"0\" class=\"ult-new-ib ult-ib-effect-style13  ult-ib-resp ult-ib2-min-height \" data-min-width=\"768\" data-max-width=\"900\" style=\"background:#162333; opacity:0; \" data-opacity=\"0.6\" data-hover-opacity=\"0.5\"  data-min-height=\"250\" ><img decoding=\"async\" class=\"ult-new-ib-img\" style=\"opacity:0.6;\" alt=\"null\" src=\"https:\/\/lnbio.cnpem.br\/wp-content\/uploads\/2025\/09\/tecnologias-para-a-saude-NATS_geral-novo.jpeg\"  data-min-height=\"250\"   \/><div id=\"interactive-banner-wrap-2281\" class=\"ult-new-ib-desc\" style=\"\"><h3 class=\"ult-new-ib-title ult-responsive\"  data-ultimate-target='#interactive-banner-wrap-2281 .ult-new-ib-title'  data-responsive-json-new='{\"font-size\":\"\",\"line-height\":\"\"}'  style=\"font-weight:bold;\">Health Technologies<\/h3><\/div><a class=\"ult-new-ib-link\" href=\"https:\/\/lnbio.cnpem.br\/en\/divisoes-cientificas\/nucleos-avancados-saude\/\" title=\"Health technologies\"  ><\/a><\/div>[vc_column_text css=&#8221;&#8221;]This division brings together scientific and technical competencies with groups specialized in proteomics, gene editing, tissue engineering, immunotherapy and biologicals[\/vc_column_text][vc_empty_space height=&#8221;10px&#8221;][vc_column_text css=&#8221;&#8221;]<strong><a class=\"post-details details-type-link\" href=\"https:\/\/lnbio.cnpem.br\/en\/divisoes-cientificas\/nucleos-avancados-saude\/\" aria-label=\"Read more about Candidatos a f\u00e1rmacos alvo dirigidos para o tratamento de infec\u00e7\u00f5es virais por Coronav\u00edrus\">DISCOVER \u21fe<\/a><\/strong>[\/vc_column_text][vc_empty_space height=&#8221;10px&#8221;][\/vc_column_inner][\/vc_row_inner][vc_row_inner][vc_column_inner]<div tabindex=\"0\" class=\"ult-new-ib ult-ib-effect-style13  ult-ib-resp ult-ib2-min-height \" data-min-width=\"768\" data-max-width=\"900\" style=\"background:#162333; opacity:0; \" data-opacity=\"0.7\" data-hover-opacity=\"0.5\"  data-min-height=\"250\" ><img decoding=\"async\" class=\"ult-new-ib-img\" style=\"opacity:0.7;\" alt=\"null\" src=\"https:\/\/lnbio.cnpem.br\/wp-content\/uploads\/2025\/09\/facilities-e-servicos-copiar.jpg\"  data-min-height=\"250\"   \/><div id=\"interactive-banner-wrap-6393\" class=\"ult-new-ib-desc\" style=\"\"><h3 class=\"ult-new-ib-title ult-responsive\"  data-ultimate-target='#interactive-banner-wrap-6393 .ult-new-ib-title'  data-responsive-json-new='{\"font-size\":\"\",\"line-height\":\"\"}'  style=\"font-weight:bold;\">Facilities and Services<\/h3><\/div><a class=\"ult-new-ib-link\" href=\"https:\/\/lnbio.cnpem.br\/en\/divisoes-cientificas\/facilities-servicos\/\" title=\"Facilities and services\"  ><\/a><\/div>[vc_column_text css=&#8221;&#8221;]This division brings together scientific and technical competencies with groups specialized in proteomics, gene editing, tissue engineering, immunotherapy and biologicals[\/vc_column_text][vc_empty_space height=&#8221;10px&#8221;][vc_column_text css=&#8221;&#8221;]<strong><a class=\"post-details details-type-link\" href=\"https:\/\/lnbio.cnpem.br\/en\/divisoes-cientificas\/facilities-servicos\/\" aria-label=\"Read more about Candidatos a f\u00e1rmacos alvo dirigidos para o tratamento de infec\u00e7\u00f5es virais por Coronav\u00edrus\">DISCOVER \u21fe<\/a><\/strong>[\/vc_column_text][vc_empty_space height=&#8221;10px&#8221;][\/vc_column_inner][\/vc_row_inner][vc_row_inner][vc_column_inner]<div tabindex=\"0\" class=\"ult-new-ib ult-ib-effect-style13  ult-ib-resp ult-ib2-min-height \" data-min-width=\"768\" data-max-width=\"900\" style=\"background:#162333; opacity:0; \" data-opacity=\"0.7\" data-hover-opacity=\"0.5\"  data-min-height=\"250\" ><img decoding=\"async\" class=\"ult-new-ib-img\" style=\"opacity:0.7;\" alt=\"null\" src=\"https:\/\/lnbio.cnpem.br\/wp-content\/uploads\/2025\/10\/descoberta-de-farmacos_1110342-copiar-2-scaled.jpg\"  data-min-height=\"250\"   \/><div id=\"interactive-banner-wrap-5074\" class=\"ult-new-ib-desc\" style=\"\"><h3 class=\"ult-new-ib-title ult-responsive\"  data-ultimate-target='#interactive-banner-wrap-5074 .ult-new-ib-title'  data-responsive-json-new='{\"font-size\":\"\",\"line-height\":\"\"}'  style=\"font-weight:bold;\">Drug Discovery<\/h3><\/div><a class=\"ult-new-ib-link\" href=\"https:\/\/lnbio.cnpem.br\/en\/divisoes-cientificas\/descoberta-de-farmacos\/\" title=\"Drug Discovery\"  ><\/a><\/div>[vc_column_text css=&#8221;&#8221;]Promoting radical innovation in Brazilian pharmaceuticals through sustainable use of biodiversity, cutting-edge science and advanced technology. This division works to connect research centers, communities and industry to face health challenges and drive the knowledge economy[\/vc_column_text][vc_empty_space height=&#8221;10px&#8221;][vc_column_text css=&#8221;&#8221;]<strong><a class=\"post-details details-type-link\" href=\"https:\/\/lnbio.cnpem.br\/en\/divisoes-cientificas\/descoberta-de-farmacos\/\" aria-label=\"Read more about Candidatos a f\u00e1rmacos alvo dirigidos para o tratamento de infec\u00e7\u00f5es virais por Coronav\u00edrus\">DISCOVER \u21fe<\/a><\/strong>[\/vc_column_text][vc_empty_space height=&#8221;10px&#8221;][\/vc_column_inner][\/vc_row_inner]<\/div>[\/vc_column][\/vc_row][vc_row][vc_column][\/vc_column][\/vc_row]<\/p>\n<\/div>","protected":false},"excerpt":{"rendered":"<p>[vc_row full_width=&#8221;stretch_row&#8221; full_height=&#8221;yes&#8221; equal_height=&#8221;yes&#8221; content_placement=&#8221;middle&#8221; css=&#8221;.vc_custom_1716292653433{background-image: url(https:\/\/lnbio.cnpem.br\/wp-content\/uploads\/2024\/05\/lnbio_diversidade_2024-05.jpg?id=51539) !important;background-position: center !important;background-repeat: no-repeat !important;background-size: cover !important;}&#8221; el_class=&#8221;fundo-escuro&#8221;][vc_column css=&#8221;.vc_custom_1716289537714{background-position: center !important;background-repeat: no-repeat !important;background-size: cover !important;}&#8221;][vc_custom_heading text=&#8221;Scientific divisions&#8221; font_container=&#8221;tag:h1|text_align:left|color:%23ffffff&#8221; use_theme_fonts=&#8221;yes&#8221;][vc_column_text css=&#8221;.vc_custom_1696512384777{margin-left: -15px !important;border-left-width: -15px !important;padding-left: -15px !important;}&#8221;][\/vc_column_text][\/vc_column][\/vc_row][vc_row full_width=&#8221;stretch_row&#8221; bg_type=&#8221;grad&#8221; bg_grad=&#8221;background: -webkit-gradient(linear, left top, left bottom, color-stop(0%, #02735E), color-stop(99%, #009DA8));background: -moz-linear-gradient(left,#02735E 0%,#009DA8 99%);background: -webkit-linear-gradient(left,#02735E 0%,#009DA8 99%);background: -o-linear-gradient(left,#02735E 0%,#009DA8 99%);background: -ms-linear-gradient(left,#02735E&hellip;<\/p>\n","protected":false},"author":2,"featured_media":0,"parent":0,"menu_order":0,"comment_status":"closed","ping_status":"closed","template":"","meta":{"_monsterinsights_skip_tracking":false,"_monsterinsights_sitenote_active":false,"_monsterinsights_sitenote_note":"","_monsterinsights_sitenote_category":0,"footnotes":"","_links_to":"","_links_to_target":""},"categories":[],"tags":[],"class_list":["post-52218","page","type-page","status-publish","hentry","description-off"],"_links":{"self":[{"href":"https:\/\/lnbio.cnpem.br\/en\/wp-json\/wp\/v2\/pages\/52218","targetHints":{"allow":["GET"]}}],"collection":[{"href":"https:\/\/lnbio.cnpem.br\/en\/wp-json\/wp\/v2\/pages"}],"about":[{"href":"https:\/\/lnbio.cnpem.br\/en\/wp-json\/wp\/v2\/types\/page"}],"author":[{"embeddable":true,"href":"https:\/\/lnbio.cnpem.br\/en\/wp-json\/wp\/v2\/users\/2"}],"replies":[{"embeddable":true,"href":"https:\/\/lnbio.cnpem.br\/en\/wp-json\/wp\/v2\/comments?post=52218"}],"version-history":[{"count":0,"href":"https:\/\/lnbio.cnpem.br\/en\/wp-json\/wp\/v2\/pages\/52218\/revisions"}],"wp:attachment":[{"href":"https:\/\/lnbio.cnpem.br\/en\/wp-json\/wp\/v2\/media?parent=52218"}],"wp:term":[{"taxonomy":"category","embeddable":true,"href":"https:\/\/lnbio.cnpem.br\/en\/wp-json\/wp\/v2\/categories?post=52218"},{"taxonomy":"post_tag","embeddable":true,"href":"https:\/\/lnbio.cnpem.br\/en\/wp-json\/wp\/v2\/tags?post=52218"}],"curies":[{"name":"wp","href":"https:\/\/api.w.org\/{rel}","templated":true}]}}