{"id":52216,"date":"2023-06-16T13:18:51","date_gmt":"2023-06-16T16:18:51","guid":{"rendered":"https:\/\/lnbio.cnpem.br\/o-lnbio\/"},"modified":"2025-09-08T11:44:40","modified_gmt":"2025-09-08T14:44:40","slug":"o-lnbio","status":"publish","type":"page","link":"https:\/\/lnbio.cnpem.br\/en\/o-lnbio\/","title":{"rendered":"LNBio"},"content":{"rendered":"<div class=\"wpb-content-wrapper\"><p>[vc_row full_width=&#8221;stretch_row&#8221; full_height=&#8221;yes&#8221; equal_height=&#8221;yes&#8221; content_placement=&#8221;middle&#8221; css=&#8221;.vc_custom_1716291802370{background-image: url(https:\/\/lnbio.cnpem.br\/wp-content\/uploads\/2024\/05\/lnbio_diversidade_2024-12.jpg?id=51538) !important;background-position: center !important;background-repeat: no-repeat !important;background-size: cover !important;}&#8221; el_class=&#8221;fundo-escuro&#8221;][vc_column css=&#8221;.vc_custom_1716289537714{background-position: center !important;background-repeat: no-repeat !important;background-size: cover !important;}&#8221;][vc_custom_heading text=&#8221;Brazilian Biosciences National Laboratory (LNBio)&#8221; font_container=&#8221;tag:h1|text_align:left|color:%23ffffff&#8221; use_theme_fonts=&#8221;yes&#8221; css=&#8221;&#8221;][vc_column_text css=&#8221;.vc_custom_1696512384777{margin-left: -15px !important;border-left-width: -15px !important;padding-left: -15px !important;}&#8221;]\t\t\t<!-- Flexy Breadcrumb -->\r\n\t\t\t<div class=\"fbc fbc-page\">\r\n\r\n\t\t\t\t<!-- Breadcrumb wrapper -->\r\n\t\t\t\t<div class=\"fbc-wrap\">\r\n\r\n\t\t\t\t\t<!-- Ordered list-->\r\n\t\t\t\t\t<ol class=\"fbc-items\" itemscope itemtype=\"https:\/\/schema.org\/BreadcrumbList\">\r\n\t\t\t\t\t\t            <li itemprop=\"itemListElement\" itemscope itemtype=\"https:\/\/schema.org\/ListItem\">\r\n                <span itemprop=\"name\">\r\n                    <!-- Home Link -->\r\n                    <a itemprop=\"item\" href=\"https:\/\/lnbio.cnpem.br\">\r\n                    \r\n                        Home                    <\/a>\r\n                <\/span>\r\n                <meta itemprop=\"position\" content=\"1\" \/><!-- Meta Position-->\r\n             <\/li><li><span class=\"fbc-separator\">\/<\/span><\/li><li class=\"active\" itemprop=\"itemListElement\" itemscope itemtype=\"https:\/\/schema.org\/ListItem\"><span itemprop=\"name\" title=\"LNBio\">LNBio<\/span><meta itemprop=\"position\" content=\"2\" \/><\/li>\t\t\t\t\t<\/ol>\r\n\t\t\t\t\t<div class=\"clearfix\"><\/div>\r\n\t\t\t\t<\/div>\r\n\t\t\t<\/div>\r\n\t\t\t[\/vc_column_text][\/vc_column][\/vc_row][vc_row full_width=&#8221;stretch_row_content&#8221; bg_type=&#8221;bg_color&#8221; css=&#8221;.vc_custom_1716294956802{background: #ffffff url(https:\/\/lnbio.cnpem.br\/wp-content\/uploads\/2024\/05\/lnbio_diversidade_2024-12.jpg?id=51538) !important;background-position: center !important;background-repeat: no-repeat !important;background-size: cover !important;}&#8221; bg_color_value=&#8221;#ffffff&#8221;][vc_column][\/vc_column][\/vc_row][vc_row][vc_column][vc_empty_space][\/vc_column][\/vc_row][vc_row full_width=&#8221;stretch_row&#8221; el_id=&#8221;topo&#8221;][vc_column][vc_custom_heading text=&#8221;About LNBio&#8221; font_container=&#8221;tag:h2|text_align:left|color:%230c0c0c&#8221; use_theme_fonts=&#8221;yes&#8221; css=&#8221;&#8221; el_id=&#8221;topo&#8221;][vc_separator color=&#8221;custom&#8221; align=&#8221;align_left&#8221; border_width=&#8221;5&#8243; el_width=&#8221;20&#8243; css_animation=&#8221;slideInLeft&#8221; accent_color=&#8221;#02735f&#8221;][vc_column_text css=&#8221;&#8221;]<img loading=\"lazy\" decoding=\"async\" class=\"alignleft wp-image-491 \" src=\"https:\/\/lnbio.cnpem.br\/wp-content\/uploads\/2023\/06\/lab-capa-bioensaio-1024x683.jpg\" alt=\"\" width=\"528\" height=\"352\" srcset=\"https:\/\/lnbio.cnpem.br\/wp-content\/uploads\/2023\/06\/lab-capa-bioensaio-1024x683.jpg 1024w, https:\/\/lnbio.cnpem.br\/wp-content\/uploads\/2023\/06\/lab-capa-bioensaio-600x400.jpg 600w, https:\/\/lnbio.cnpem.br\/wp-content\/uploads\/2023\/06\/lab-capa-bioensaio-300x200.jpg 300w, https:\/\/lnbio.cnpem.br\/wp-content\/uploads\/2023\/06\/lab-capa-bioensaio-768x512.jpg 768w, https:\/\/lnbio.cnpem.br\/wp-content\/uploads\/2023\/06\/lab-capa-bioensaio-1536x1024.jpg 1536w, https:\/\/lnbio.cnpem.br\/wp-content\/uploads\/2023\/06\/lab-capa-bioensaio.jpg 1920w\" sizes=\"auto, (max-width: 528px) 100vw, 528px\" \/>The Brazilian Biosciences National Laboratory (LNBio) is dedicated to the study of human health, combining integrative biology with advanced technologies. With competencies in gene editing, microphysiological systems, bioimaging, and tissue engineering, LNBio works to discover molecular targets and develop innovative therapies for various illnesses that are of public importance.<\/p>\n<p>This broad approach, which includes molecules and living organisms, unravels molecular mechanisms to identify bioactive compounds that are essential to developing new active pharmaceutical ingredients. LNBio concentrates its efforts on demands from the public health system, using state-of-the-art infrastructure and a matrix work model to promote innovation and development at the crossroads between science and health.<\/p>\n<p>To integrate health with socioeconomic and environmental factors, LNBio serves as a scientific platform that is available to the government, able to develop advanced technologies that respond to strategic issues. LNBio is part of the Brazilian Center for Research in Energy and Materials (CNPEM) in Campinas, S\u00e3o Paulo, a private, non-profit organization overseen by the Ministry of Science, Technology, and Innovation (MCTI).[\/vc_column_text][\/vc_column][\/vc_row][vc_row][vc_column][vc_empty_space][\/vc_column][\/vc_row][vc_row full_width=&#8221;stretch_row&#8221; el_id=&#8221;diretoria&#8221;][vc_column][vc_custom_heading text=&#8221;LNBio director&#8221; font_container=&#8221;tag:h2|text_align:left|color:%230c0c0c&#8221; use_theme_fonts=&#8221;yes&#8221; css=&#8221;&#8221;][vc_separator color=&#8221;custom&#8221; align=&#8221;align_left&#8221; border_width=&#8221;5&#8243; el_width=&#8221;20&#8243; css_animation=&#8221;slideInLeft&#8221; accent_color=&#8221;#02735f&#8221;][vc_column_text css=&#8221;&#8221;]<\/p>\n<p style=\"text-align: left;\"><img loading=\"lazy\" decoding=\"async\" class=\"wp-image-51501 alignleft\" src=\"https:\/\/lnbio.cnpem.br\/wp-content\/uploads\/2024\/04\/Maria-Augusta-Arruda-300x300.jpg\" alt=\"\" width=\"315\" height=\"315\" srcset=\"https:\/\/lnbio.cnpem.br\/wp-content\/uploads\/2024\/04\/Maria-Augusta-Arruda-300x300.jpg 300w, https:\/\/lnbio.cnpem.br\/wp-content\/uploads\/2024\/04\/Maria-Augusta-Arruda-150x150.jpg 150w, https:\/\/lnbio.cnpem.br\/wp-content\/uploads\/2024\/04\/Maria-Augusta-Arruda-600x600.jpg 600w, https:\/\/lnbio.cnpem.br\/wp-content\/uploads\/2024\/04\/Maria-Augusta-Arruda-200x200.jpg 200w, https:\/\/lnbio.cnpem.br\/wp-content\/uploads\/2024\/04\/Maria-Augusta-Arruda.jpg 621w\" sizes=\"auto, (max-width: 315px) 100vw, 315px\" \/><strong>Maria Augusta Arruda\u00a0<\/strong>has been the director of LNBio since July 2023. She has worked as a researcher at FIOCRUZ and a professor at Rio de Janeiro State University (UERJ), and led the Brazil\/University of Nottingham (UK) Partnership in Drug Discovery.<\/p>\n<p>She was later responsible for the strategic relationship between the University of Nottingham and UK Research and Innovation, and more recently served as Head of Researcher Development and President of the Racial Equity Network at that same institution.<\/p>\n<p>Maria Augusta is an Affiliate Fellow at Robinson College, Cambridge, and an Elected Fellow of the British Pharmacological Society.<\/p>\n<p>She brings with her nearly 30 years of experience in research environments and a commitment to an empathetic, responsible, and ambitious research culture that supports the scientific community to reach its potential through transdisciplinarity, with collaborations at the domestic and international levels.[\/vc_column_text][\/vc_column][\/vc_row][vc_row full_width=&#8221;stretch_row&#8221; disable_element=&#8221;yes&#8221;][vc_column][vc_custom_heading text=&#8221;Diretoria LNBio&#8221; font_container=&#8221;tag:h2|text_align:left|color:%230c0c0c&#8221; use_theme_fonts=&#8221;yes&#8221;][vc_separator color=&#8221;custom&#8221; align=&#8221;align_left&#8221; border_width=&#8221;5&#8243; el_width=&#8221;20&#8243; css_animation=&#8221;slideInLeft&#8221; accent_color=&#8221;#02735f&#8221;][vc_column_text]<\/p>\n<p style=\"text-align: left;\"><img loading=\"lazy\" decoding=\"async\" class=\"wp-image-51501 alignleft\" src=\"https:\/\/lnbio.cnpem.br\/wp-content\/uploads\/2024\/04\/Maria-Augusta-Arruda-300x300.jpg\" alt=\"\" width=\"315\" height=\"315\" srcset=\"https:\/\/lnbio.cnpem.br\/wp-content\/uploads\/2024\/04\/Maria-Augusta-Arruda-300x300.jpg 300w, https:\/\/lnbio.cnpem.br\/wp-content\/uploads\/2024\/04\/Maria-Augusta-Arruda-150x150.jpg 150w, https:\/\/lnbio.cnpem.br\/wp-content\/uploads\/2024\/04\/Maria-Augusta-Arruda-600x600.jpg 600w, https:\/\/lnbio.cnpem.br\/wp-content\/uploads\/2024\/04\/Maria-Augusta-Arruda-200x200.jpg 200w, https:\/\/lnbio.cnpem.br\/wp-content\/uploads\/2024\/04\/Maria-Augusta-Arruda.jpg 621w\" sizes=\"auto, (max-width: 315px) 100vw, 315px\" \/><strong>Maria Augusta Arruda <\/strong>\u00e9 diretora do LNBio desde julho de 2023. Amiga de longa data do CNPEM, foi Pesquisadora da Fiocruz, Professora da Universidade do Estado do Rio de Janeiro (UERJ), e liderou a Parceria Brasil-Universidade de Nottingham (Reino Unido) para Descoberta de Novos F\u00e1rmacos.<\/p>\n<p style=\"text-align: left;\">Posteriormente, foi respons\u00e1vel pelo relacionamento estrat\u00e9gico da Universidade de Nottingham com o UK Research and Innovation e, mais recentemente, Diretora Associada de Desenvolvimento de Pesquisadores e Presidente da Rede de Equidade Racial da mesma institui\u00e7\u00e3o.<\/p>\n<p style=\"text-align: left;\">Maria Augusta \u00e9 Affiliate Fellow do Robinson College, Universidade de Cambridge e Elected Fellow da Sociedade Brit\u00e2nica de Farmacologia.<\/p>\n<p style=\"text-align: left;\">Maria Augusta traz seus quase 30 anos de experi\u00eancia em ambientes de pesquisa e seu comprometimento com uma Cultura de Pesquisa (Research Culture) emp\u00e1tica, respons\u00e1vel e ambiciosa para apoiar a comunidade do LNBio a alcan\u00e7ar o seu potencial atrav\u00e9s da transdisciplinaridade, com colabora\u00e7\u00f5es a n\u00edvel nacional e internacional.<\/p>\n<p>[\/vc_column_text][\/vc_column][\/vc_row][vc_row][vc_column][vc_empty_space][\/vc_column][\/vc_row][vc_row full_width=&#8221;stretch_row&#8221; full_height=&#8221;yes&#8221; equal_height=&#8221;yes&#8221; el_class=&#8221;lnbio-cnpem&#8221; css=&#8221;.vc_custom_1710963749692{background-image: url(https:\/\/lnbio.cnpem.br\/wp-content\/uploads\/2024\/03\/grafismo-organico-lnbio-cinza.png?id=35463) !important;background-position: center !important;background-repeat: no-repeat !important;background-size: cover !important;}&#8221; el_id=&#8221;cnpem&#8221;][vc_column width=&#8221;1\/2&#8243;][vc_custom_heading text=&#8221;CNPEM&#8221; use_theme_fonts=&#8221;yes&#8221; css=&#8221;&#8221;][vc_separator color=&#8221;custom&#8221; align=&#8221;align_left&#8221; border_width=&#8221;5&#8243; el_width=&#8221;20&#8243; css_animation=&#8221;slideInLeft&#8221; accent_color=&#8221;#02735f&#8221;][vc_column_text css=&#8221;&#8221;]The Brazilian Center for Research in Energy and Materials (CNPEM) is home to a state-of-the-art, multi-user and multidisciplinary scientific environment and works on different fronts within the Brazilian National System for Science, Technology and Innovation. A social organization overseen by the Ministry of Science, Technology and Innovation (MCTI), CNPEM is driven by research that impacts the areas of health, energy, renewable materials, and sustainability. It is responsible for Sirius, the largest assembly of scientific equipment constructed in the country, and is currently developing Project Orion, a laboratory complex for advanced pathogen research. Highly specialized science and engineering teams, sophisticated infrastructure open to the scientific community, strategic lines of investigation, innovative projects involving the productive sector, and training for researchers and students are the pillars of this institution that is unique in Brazil and serves as a bridge between knowledge and innovation. It is responsible for operating the Brazilian Synchrotron Light (LNLS), Biosciences (LNBio), Nanotechnology (LNNano), and Biorenewables (LNBR) National Laboratories, as well as the Ilum School of Science, which offers a bachelor&#8217;s degree program in science and technology with support from the Ministry of Education (MEC).[\/vc_column_text][\/vc_column][vc_column width=&#8221;1\/2&#8243; css=&#8221;.vc_custom_1713981619624{background-image: url(https:\/\/lnbio.cnpem.br\/wp-content\/uploads\/2024\/03\/aerea-campus-cnpem-agosto-2023-scaled.jpg?id=35507) !important;background-position: center !important;background-repeat: no-repeat !important;background-size: cover !important;}&#8221; offset=&#8221;vc_hidden-xs&#8221;][\/vc_column][\/vc_row][vc_row el_id=&#8221;trabalhe-conosco&#8221;][vc_column]\n\t<div class=\"caleidos-chamada-links \" id=\"\">\n\t\t<div class=\"layout-flex aic jcsb\">\n\t\t\t<div class=\"texto-chamada\">\n\t\t\t\t<h2>Work with us<\/h2>\t\t\t\t<p>At CNPEM, we bring together unique strengths to drive science and technology. If you are looking for a position that corresponds to your talent, here you will find incredible opportunities.<\/p>\t\t\t<\/div>\n\t\t\t<div class=\"links-chamada\">\n\t\t\t\t\t\t\t\t<a href=\"https:\/\/cnpem.gupy.io\/\" target=\"_blank\">\n\t\t\t\t\t<small class=\"circulo\"><svg xmlns=\"http:\/\/www.w3.org\/2000\/svg\" width=\"29.748\" height=\"19.174\" viewBox=\"0 0 29.748 19.174\">\n  <path id=\"chevron-baixo\" d=\"M3962.952,1006.154a1.5,1.5,0,0,1-1.156-.544l-13.374-16.174a1.5,1.5,0,0,1,2.312-1.912l12.218,14.776,12.218-14.776a1.5,1.5,0,0,1,2.312,1.912l-13.374,16.174A1.5,1.5,0,0,1,3962.952,1006.154Z\" transform=\"translate(-3948.078 -986.979)\"\/>\n<\/svg><\/small>\n\t\t\t\t\t<span>Click here to learn more <br \/>about opportunities at CNPEM<\/span>\n\t\t\t\t<\/a>\t\t\t\t\t\t\t<\/div>\n\t\t<\/div>\n\t<\/div>\n\n\t[\/vc_column][\/vc_row]<\/p>\n<\/div>","protected":false},"excerpt":{"rendered":"<p>[vc_row full_width=&#8221;stretch_row&#8221; full_height=&#8221;yes&#8221; equal_height=&#8221;yes&#8221; content_placement=&#8221;middle&#8221; css=&#8221;.vc_custom_1716291802370{background-image: url(https:\/\/lnbio.cnpem.br\/wp-content\/uploads\/2024\/05\/lnbio_diversidade_2024-12.jpg?id=51538) !important;background-position: center !important;background-repeat: no-repeat !important;background-size: cover !important;}&#8221; el_class=&#8221;fundo-escuro&#8221;][vc_column css=&#8221;.vc_custom_1716289537714{background-position: center !important;background-repeat: no-repeat !important;background-size: cover !important;}&#8221;][vc_custom_heading text=&#8221;Brazilian Biosciences National Laboratory (LNBio)&#8221; font_container=&#8221;tag:h1|text_align:left|color:%23ffffff&#8221; use_theme_fonts=&#8221;yes&#8221; css=&#8221;&#8221;][vc_column_text css=&#8221;.vc_custom_1696512384777{margin-left: -15px !important;border-left-width: -15px !important;padding-left: -15px !important;}&#8221;][\/vc_column_text][\/vc_column][\/vc_row][vc_row full_width=&#8221;stretch_row_content&#8221; bg_type=&#8221;bg_color&#8221; css=&#8221;.vc_custom_1716294956802{background: #ffffff url(https:\/\/lnbio.cnpem.br\/wp-content\/uploads\/2024\/05\/lnbio_diversidade_2024-12.jpg?id=51538) !important;background-position: center !important;background-repeat: no-repeat !important;background-size: cover !important;}&#8221; bg_color_value=&#8221;#ffffff&#8221;][vc_column][\/vc_column][\/vc_row][vc_row][vc_column][vc_empty_space][\/vc_column][\/vc_row][vc_row full_width=&#8221;stretch_row&#8221; el_id=&#8221;topo&#8221;][vc_column][vc_custom_heading text=&#8221;About LNBio&#8221; font_container=&#8221;tag:h2|text_align:left|color:%230c0c0c&#8221;&hellip;<\/p>\n","protected":false},"author":2,"featured_media":0,"parent":0,"menu_order":0,"comment_status":"closed","ping_status":"closed","template":"","meta":{"_monsterinsights_skip_tracking":false,"_monsterinsights_sitenote_active":false,"_monsterinsights_sitenote_note":"","_monsterinsights_sitenote_category":0,"footnotes":"","_links_to":"","_links_to_target":""},"categories":[],"tags":[],"class_list":["post-52216","page","type-page","status-publish","hentry","description-off"],"_links":{"self":[{"href":"https:\/\/lnbio.cnpem.br\/en\/wp-json\/wp\/v2\/pages\/52216","targetHints":{"allow":["GET"]}}],"collection":[{"href":"https:\/\/lnbio.cnpem.br\/en\/wp-json\/wp\/v2\/pages"}],"about":[{"href":"https:\/\/lnbio.cnpem.br\/en\/wp-json\/wp\/v2\/types\/page"}],"author":[{"embeddable":true,"href":"https:\/\/lnbio.cnpem.br\/en\/wp-json\/wp\/v2\/users\/2"}],"replies":[{"embeddable":true,"href":"https:\/\/lnbio.cnpem.br\/en\/wp-json\/wp\/v2\/comments?post=52216"}],"version-history":[{"count":0,"href":"https:\/\/lnbio.cnpem.br\/en\/wp-json\/wp\/v2\/pages\/52216\/revisions"}],"wp:attachment":[{"href":"https:\/\/lnbio.cnpem.br\/en\/wp-json\/wp\/v2\/media?parent=52216"}],"wp:term":[{"taxonomy":"category","embeddable":true,"href":"https:\/\/lnbio.cnpem.br\/en\/wp-json\/wp\/v2\/categories?post=52216"},{"taxonomy":"post_tag","embeddable":true,"href":"https:\/\/lnbio.cnpem.br\/en\/wp-json\/wp\/v2\/tags?post=52216"}],"curies":[{"name":"wp","href":"https:\/\/api.w.org\/{rel}","templated":true}]}}